{"id":35,"date":"2021-10-24T18:10:48","date_gmt":"2021-10-24T16:10:48","guid":{"rendered":"https:\/\/template.motive.ink\/?page_id=17"},"modified":"2025-09-12T16:19:55","modified_gmt":"2025-09-12T14:19:55","slug":"about","status":"publish","type":"page","link":"https:\/\/www.diomiracuomoarchitetto.it\/en\/about\/","title":{"rendered":"About"},"content":{"rendered":"<p>Fascinated by art in all its forms, after completing my Classical Studies diploma I pursued a degree in Architecture at the University of Naples \u201cFederico II.\u201d During my academic years, I was awarded an Erasmus scholarship and spent one year studying at the Bauhaus Universit\u00e4t Weimar in Germany. I graduated with honors in 2017 and immediately went on to complete a second-level Master\u2019s in Excellence in Design for Historic Cities at the University of Naples \u201cFederico II.\u201d The Master\u2019s program, developed in collaboration with Domus, gave me the opportunity to begin my career with an internship on the construction site of the Piazza Municipio metro station in Naples, designed by the renowned Portuguese architects \u00c1lvaro Siza and Eduardo Souto de Moura. My early professional experiences ranged from large-scale urban projects to residential design, museum exhibitions, and interiors for cruise ships. These projects led me back to Germany and later to work on shipyards across Europe. As an independent architect, I have taken on the challenge of participating in both national and international competitions while also developing bespoke interior design projects for private clients. Alongside my architectural practice, I continue to cultivate my personal artistic research.<\/p>\n\n\n\n<p><\/p>\n\n\n\n<p><\/p>\n\n\n\n<p><\/p>\n\n\n\n<p><\/p>","protected":false},"excerpt":{"rendered":"<p>Affascinata dall&#8217;arte in ogni sua forma, dopo la Maturit\u00e0 Classica ho continuato il mio percorso con l&#8217;iscrizione alla Facolt\u00e0 di Architettura presso l&#8217; &#8220;Universit\u00e0 degli [&hellip;]<\/p>","protected":false},"author":1,"featured_media":652,"parent":0,"menu_order":0,"comment_status":"closed","ping_status":"closed","template":"","meta":{"footnotes":""},"class_list":["post-35","page","type-page","status-publish","format-standard","has-post-thumbnail","hentry"],"yoast_head":"<!-- This site is optimized with the Yoast SEO plugin v23.4 - https:\/\/yoast.com\/wordpress\/plugins\/seo\/ -->\n<title>About - Diomira Cuomo<\/title>\n<meta name=\"robots\" content=\"index, follow, max-snippet:-1, max-image-preview:large, max-video-preview:-1\" \/>\n<link rel=\"canonical\" href=\"https:\/\/www.diomiracuomoarchitetto.it\/en\/about\/\" \/>\n<meta property=\"og:locale\" content=\"en_GB\" \/>\n<meta property=\"og:type\" content=\"article\" \/>\n<meta property=\"og:title\" content=\"About - Diomira Cuomo\" \/>\n<meta property=\"og:description\" content=\"Affascinata dall&#8217;arte in ogni sua forma, dopo la Maturit\u00e0 Classica ho continuato il mio percorso con l&#8217;iscrizione alla Facolt\u00e0 di Architettura presso l&#8217; &#8220;Universit\u00e0 degli [&hellip;]\" \/>\n<meta property=\"og:url\" content=\"https:\/\/www.diomiracuomoarchitetto.it\/en\/about\/\" \/>\n<meta property=\"og:site_name\" content=\"Diomira Cuomo\" \/>\n<meta property=\"article:publisher\" content=\"https:\/\/www.facebook.com\/profile.php?id=61563798981539\" \/>\n<meta property=\"article:modified_time\" content=\"2025-09-12T14:19:55+00:00\" \/>\n<meta property=\"og:image\" content=\"https:\/\/www.diomiracuomoarchitetto.it\/wp-content\/uploads\/2024\/07\/ok-copia-scaled.jpg\" \/>\n\t<meta property=\"og:image:width\" content=\"1824\" \/>\n\t<meta property=\"og:image:height\" content=\"1080\" \/>\n\t<meta property=\"og:image:type\" content=\"image\/jpeg\" \/>\n<meta name=\"twitter:card\" content=\"summary_large_image\" \/>\n<meta name=\"twitter:label1\" content=\"Estimated reading time\" \/>\n\t<meta name=\"twitter:data1\" content=\"2 minutes\" \/>\n<script type=\"application\/ld+json\" class=\"yoast-schema-graph\">{\"@context\":\"https:\/\/schema.org\",\"@graph\":[{\"@type\":\"WebPage\",\"@id\":\"https:\/\/www.diomiracuomoarchitetto.it\/about\/\",\"url\":\"https:\/\/www.diomiracuomoarchitetto.it\/about\/\",\"name\":\"About - Diomira Cuomo\",\"isPartOf\":{\"@id\":\"https:\/\/www.diomiracuomoarchitetto.it\/#website\"},\"primaryImageOfPage\":{\"@id\":\"https:\/\/www.diomiracuomoarchitetto.it\/about\/#primaryimage\"},\"image\":{\"@id\":\"https:\/\/www.diomiracuomoarchitetto.it\/about\/#primaryimage\"},\"thumbnailUrl\":\"https:\/\/enfi9szwfrs.exactdn.com\/wp-content\/uploads\/2024\/07\/ok-copia-scaled.jpg?strip=all&lossy=1&ssl=1\",\"datePublished\":\"2021-10-24T16:10:48+00:00\",\"dateModified\":\"2025-09-12T14:19:55+00:00\",\"breadcrumb\":{\"@id\":\"https:\/\/www.diomiracuomoarchitetto.it\/about\/#breadcrumb\"},\"inLanguage\":\"en-GB\",\"potentialAction\":[{\"@type\":\"ReadAction\",\"target\":[\"https:\/\/www.diomiracuomoarchitetto.it\/about\/\"]}]},{\"@type\":\"ImageObject\",\"inLanguage\":\"en-GB\",\"@id\":\"https:\/\/www.diomiracuomoarchitetto.it\/about\/#primaryimage\",\"url\":\"https:\/\/enfi9szwfrs.exactdn.com\/wp-content\/uploads\/2024\/07\/ok-copia-scaled.jpg?strip=all&lossy=1&ssl=1\",\"contentUrl\":\"https:\/\/enfi9szwfrs.exactdn.com\/wp-content\/uploads\/2024\/07\/ok-copia-scaled.jpg?strip=all&lossy=1&ssl=1\",\"width\":1824,\"height\":1080},{\"@type\":\"BreadcrumbList\",\"@id\":\"https:\/\/www.diomiracuomoarchitetto.it\/about\/#breadcrumb\",\"itemListElement\":[{\"@type\":\"ListItem\",\"position\":1,\"name\":\"Home\",\"item\":\"https:\/\/www.diomiracuomoarchitetto.it\/\"},{\"@type\":\"ListItem\",\"position\":2,\"name\":\"About\"}]},{\"@type\":\"WebSite\",\"@id\":\"https:\/\/www.diomiracuomoarchitetto.it\/#website\",\"url\":\"https:\/\/www.diomiracuomoarchitetto.it\/\",\"name\":\"Diomira Cuomo Architetto\",\"description\":\"Architetto\",\"publisher\":{\"@id\":\"https:\/\/www.diomiracuomoarchitetto.it\/#\/schema\/person\/f64ccda3bf8977cc9def9096eec52c89\"},\"potentialAction\":[{\"@type\":\"SearchAction\",\"target\":{\"@type\":\"EntryPoint\",\"urlTemplate\":\"https:\/\/www.diomiracuomoarchitetto.it\/?s={search_term_string}\"},\"query-input\":{\"@type\":\"PropertyValueSpecification\",\"valueRequired\":true,\"valueName\":\"search_term_string\"}}],\"inLanguage\":\"en-GB\"},{\"@type\":[\"Person\",\"Organization\"],\"@id\":\"https:\/\/www.diomiracuomoarchitetto.it\/#\/schema\/person\/f64ccda3bf8977cc9def9096eec52c89\",\"name\":\"Diomira\",\"image\":{\"@type\":\"ImageObject\",\"inLanguage\":\"en-GB\",\"@id\":\"https:\/\/www.diomiracuomoarchitetto.it\/#\/schema\/person\/image\/\",\"url\":\"https:\/\/www.diomiracuomoarchitetto.it\/wp-content\/uploads\/2024\/08\/Risorsa-16@4x.png\",\"contentUrl\":\"https:\/\/www.diomiracuomoarchitetto.it\/wp-content\/uploads\/2024\/08\/Risorsa-16@4x.png\",\"width\":1074,\"height\":268,\"caption\":\"Diomira\"},\"logo\":{\"@id\":\"https:\/\/www.diomiracuomoarchitetto.it\/#\/schema\/person\/image\/\"},\"sameAs\":[\"https:\/\/www.facebook.com\/profile.php?id=61563798981539\",\"https:\/\/www.instagram.com\/diomiracuomoarchitetto\/\"]}]}<\/script>\n<!-- \/ Yoast SEO plugin. -->","yoast_head_json":{"title":"About - Diomira Cuomo","robots":{"index":"index","follow":"follow","max-snippet":"max-snippet:-1","max-image-preview":"max-image-preview:large","max-video-preview":"max-video-preview:-1"},"canonical":"https:\/\/www.diomiracuomoarchitetto.it\/en\/about\/","og_locale":"en_GB","og_type":"article","og_title":"About - Diomira Cuomo","og_description":"Affascinata dall&#8217;arte in ogni sua forma, dopo la Maturit\u00e0 Classica ho continuato il mio percorso con l&#8217;iscrizione alla Facolt\u00e0 di Architettura presso l&#8217; &#8220;Universit\u00e0 degli [&hellip;]","og_url":"https:\/\/www.diomiracuomoarchitetto.it\/en\/about\/","og_site_name":"Diomira Cuomo","article_publisher":"https:\/\/www.facebook.com\/profile.php?id=61563798981539","article_modified_time":"2025-09-12T14:19:55+00:00","og_image":[{"width":1824,"height":1080,"url":"https:\/\/www.diomiracuomoarchitetto.it\/wp-content\/uploads\/2024\/07\/ok-copia-scaled.jpg","type":"image\/jpeg"}],"twitter_card":"summary_large_image","twitter_misc":{"Estimated reading time":"2 minutes"},"schema":{"@context":"https:\/\/schema.org","@graph":[{"@type":"WebPage","@id":"https:\/\/www.diomiracuomoarchitetto.it\/about\/","url":"https:\/\/www.diomiracuomoarchitetto.it\/about\/","name":"About - Diomira Cuomo","isPartOf":{"@id":"https:\/\/www.diomiracuomoarchitetto.it\/#website"},"primaryImageOfPage":{"@id":"https:\/\/www.diomiracuomoarchitetto.it\/about\/#primaryimage"},"image":{"@id":"https:\/\/www.diomiracuomoarchitetto.it\/about\/#primaryimage"},"thumbnailUrl":"https:\/\/enfi9szwfrs.exactdn.com\/wp-content\/uploads\/2024\/07\/ok-copia-scaled.jpg?strip=all&lossy=1&ssl=1","datePublished":"2021-10-24T16:10:48+00:00","dateModified":"2025-09-12T14:19:55+00:00","breadcrumb":{"@id":"https:\/\/www.diomiracuomoarchitetto.it\/about\/#breadcrumb"},"inLanguage":"en-GB","potentialAction":[{"@type":"ReadAction","target":["https:\/\/www.diomiracuomoarchitetto.it\/about\/"]}]},{"@type":"ImageObject","inLanguage":"en-GB","@id":"https:\/\/www.diomiracuomoarchitetto.it\/about\/#primaryimage","url":"https:\/\/enfi9szwfrs.exactdn.com\/wp-content\/uploads\/2024\/07\/ok-copia-scaled.jpg?strip=all&lossy=1&ssl=1","contentUrl":"https:\/\/enfi9szwfrs.exactdn.com\/wp-content\/uploads\/2024\/07\/ok-copia-scaled.jpg?strip=all&lossy=1&ssl=1","width":1824,"height":1080},{"@type":"BreadcrumbList","@id":"https:\/\/www.diomiracuomoarchitetto.it\/about\/#breadcrumb","itemListElement":[{"@type":"ListItem","position":1,"name":"Home","item":"https:\/\/www.diomiracuomoarchitetto.it\/"},{"@type":"ListItem","position":2,"name":"About"}]},{"@type":"WebSite","@id":"https:\/\/www.diomiracuomoarchitetto.it\/#website","url":"https:\/\/www.diomiracuomoarchitetto.it\/","name":"Diomira Cuomo Architetto","description":"Architetto","publisher":{"@id":"https:\/\/www.diomiracuomoarchitetto.it\/#\/schema\/person\/f64ccda3bf8977cc9def9096eec52c89"},"potentialAction":[{"@type":"SearchAction","target":{"@type":"EntryPoint","urlTemplate":"https:\/\/www.diomiracuomoarchitetto.it\/?s={search_term_string}"},"query-input":{"@type":"PropertyValueSpecification","valueRequired":true,"valueName":"search_term_string"}}],"inLanguage":"en-GB"},{"@type":["Person","Organization"],"@id":"https:\/\/www.diomiracuomoarchitetto.it\/#\/schema\/person\/f64ccda3bf8977cc9def9096eec52c89","name":"Diomira","image":{"@type":"ImageObject","inLanguage":"en-GB","@id":"https:\/\/www.diomiracuomoarchitetto.it\/#\/schema\/person\/image\/","url":"https:\/\/www.diomiracuomoarchitetto.it\/wp-content\/uploads\/2024\/08\/Risorsa-16@4x.png","contentUrl":"https:\/\/www.diomiracuomoarchitetto.it\/wp-content\/uploads\/2024\/08\/Risorsa-16@4x.png","width":1074,"height":268,"caption":"Diomira"},"logo":{"@id":"https:\/\/www.diomiracuomoarchitetto.it\/#\/schema\/person\/image\/"},"sameAs":["https:\/\/www.facebook.com\/profile.php?id=61563798981539","https:\/\/www.instagram.com\/diomiracuomoarchitetto\/"]}]}},"meta_box":{"frase_form":"","id_form":"","id_di_fluent_form":"","seleziona_logo":"Invertito","colore_dinamico_basic_a":"action-color","colore_sfondo_basic":"var(--neutral-trans-10)","frase_1_basic":"","frase_2_basic":"","immagine_basic":[],"immagine_grafica_1":[{"filesize":148,"ID":"460","name":"diomiracuomo-architetto-asset-00005.svg","path":"\/home\/diomiracuomo\/webapps\/diomiracuomoarchitetto-it\/wp-content\/uploads\/2024\/06\/diomiracuomo-architetto-asset-00005.svg","url":"https:\/\/enfi9szwfrs.exactdn.com\/wp-content\/uploads\/2024\/06\/diomiracuomo-architetto-asset-00005.svg","full_url":"https:\/\/www.diomiracuomoarchitetto.it\/wp-content\/uploads\/2024\/06\/diomiracuomo-architetto-asset-00005.svg","title":"diomiracuomo architetto asset 00005","caption":"","description":"","alt":"","srcset":false,"width":false,"height":false}],"immagine_grafica_2":[{"filesize":154,"ID":"459","name":"diomiracuomo-architetto-asset-00006.svg","path":"\/home\/diomiracuomo\/webapps\/diomiracuomoarchitetto-it\/wp-content\/uploads\/2024\/06\/diomiracuomo-architetto-asset-00006.svg","url":"https:\/\/enfi9szwfrs.exactdn.com\/wp-content\/uploads\/2024\/06\/diomiracuomo-architetto-asset-00006.svg","full_url":"https:\/\/www.diomiracuomoarchitetto.it\/wp-content\/uploads\/2024\/06\/diomiracuomo-architetto-asset-00006.svg","title":"diomiracuomo architetto asset 00006","caption":"","description":"","alt":"","srcset":false,"width":false,"height":false}],"mostra_slide_header":"0","gruppo_slide_header":[],"mostra_video_header":"0","video_header":"","mostra_sezione_box":"0","gruppo_box_basic":[],"mostra_sezione_link_download":"1","gruppo_link_basic_it":[],"gruppo_link_basic_en":[],"gruppo_download_it":[{"download_testo_basic_it":"CV ita","download_file_basic_it":"https:\/\/www.diomiracuomoarchitetto.it\/wp-content\/uploads\/2025\/09\/CV_Diomira-Cuomo_ita.pdf"},{"download_testo_basic_it":"Portfolio ita","download_file_basic_it":"https:\/\/www.diomiracuomoarchitetto.it\/wp-content\/uploads\/2025\/09\/PortfolioCV_ita_Compresso.pdf"}],"gruppo_download_en":[{"download_testo_basic_en":"CV eng","download_file_basic_en":"https:\/\/www.diomiracuomoarchitetto.it\/wp-content\/uploads\/2025\/09\/CV_Diomira-Cuomo_eng.pdf"},{"download_testo_basic_en":"Portfolio eng","download_file_basic_en":"https:\/\/www.diomiracuomoarchitetto.it\/wp-content\/uploads\/2025\/09\/PortfolioCV_eng_Compresso.pdf"}],"mostra_sezione_galleria_video":"0","galleria_video_basic":[],"mostra_sezione_gallery":"0","gallery_basic":[],"gallery_basic_small":[],"mostra_sezione_immagine_full":"0","immagine_full_basic":[],"testo_link_immagine_full_basic":"","url_link_immagine_full_basic":"","frase_immagine_full_basic":"","frase_small_immagine_full_basic":"","mostra_banner_basic":"0","gruppo_banner_1_basic":{"testo_bottone_banner_1_basic":"Testo Bottone"},"gruppo_banner_2_basic":[],"frase_link_basic_blog":"","testo_link_basic_blog":"","link_basic_blog":"","articoli_da_mostrare":"","mostra_blog_home":"","titolo_header":"","titolo_pagina":"About","Sottotitolo":"","colore_sfondo":"#e0e0e0","sfondo_header":[],"image_advanced_6dftczwmfnh":[],"pagina-pagina_to":[]},"_links":{"self":[{"href":"https:\/\/www.diomiracuomoarchitetto.it\/en\/wp-json\/wp\/v2\/pages\/35","targetHints":{"allow":["GET"]}}],"collection":[{"href":"https:\/\/www.diomiracuomoarchitetto.it\/en\/wp-json\/wp\/v2\/pages"}],"about":[{"href":"https:\/\/www.diomiracuomoarchitetto.it\/en\/wp-json\/wp\/v2\/types\/page"}],"author":[{"embeddable":true,"href":"https:\/\/www.diomiracuomoarchitetto.it\/en\/wp-json\/wp\/v2\/users\/1"}],"replies":[{"embeddable":true,"href":"https:\/\/www.diomiracuomoarchitetto.it\/en\/wp-json\/wp\/v2\/comments?post=35"}],"version-history":[{"count":12,"href":"https:\/\/www.diomiracuomoarchitetto.it\/en\/wp-json\/wp\/v2\/pages\/35\/revisions"}],"predecessor-version":[{"id":778,"href":"https:\/\/www.diomiracuomoarchitetto.it\/en\/wp-json\/wp\/v2\/pages\/35\/revisions\/778"}],"wp:featuredmedia":[{"embeddable":true,"href":"https:\/\/www.diomiracuomoarchitetto.it\/en\/wp-json\/wp\/v2\/media\/652"}],"wp:attachment":[{"href":"https:\/\/www.diomiracuomoarchitetto.it\/en\/wp-json\/wp\/v2\/media?parent=35"}],"curies":[{"name":"wp","href":"https:\/\/api.w.org\/{rel}","templated":true}]}}